{"id":2672,"date":"2022-03-23T08:24:20","date_gmt":"2022-03-23T08:24:20","guid":{"rendered":"https:\/\/staging-nicktesting.kinsta.cloud\/travel\/?page_id=1115"},"modified":"2024-07-13T20:02:46","modified_gmt":"2024-07-13T20:02:46","slug":"about-me","status":"publish","type":"page","link":"https:\/\/bellis-perennis.eu\/?page_id=2672","title":{"rendered":"About Me"},"content":{"rendered":"\t\t<div data-elementor-type=\"wp-page\" data-elementor-id=\"2672\" class=\"elementor elementor-2672\" data-elementor-post-type=\"page\">\n\t\t\t\t\t\t<section class=\"elementor-section elementor-top-section elementor-element elementor-element-6f3c334 elementor-section-full_width elementor-section-stretched elementor-section-height-default elementor-section-height-default wpr-particle-no wpr-jarallax-no wpr-parallax-no wpr-sticky-section-no\" data-id=\"6f3c334\" data-element_type=\"section\" data-e-type=\"section\" data-settings=\"{&quot;stretch_section&quot;:&quot;section-stretched&quot;}\">\n\t\t\t\t\t\t<div class=\"elementor-container elementor-column-gap-default\">\n\t\t\t\t\t<div class=\"elementor-column elementor-col-100 elementor-top-column elementor-element elementor-element-09df689\" data-id=\"09df689\" data-element_type=\"column\" data-e-type=\"column\">\n\t\t\t<div class=\"elementor-widget-wrap elementor-element-populated\">\n\t\t\t\t\t\t<div class=\"elementor-element elementor-element-654bc75 elementor-widget elementor-widget-image\" data-id=\"654bc75\" data-element_type=\"widget\" data-e-type=\"widget\" data-widget_type=\"image.default\">\n\t\t\t\t<div class=\"elementor-widget-container\">\n\t\t\t\t\t\t\t\t\t\t\t\t\t\t\t<img decoding=\"async\" src=\"https:\/\/staging-nicktesting.kinsta.cloud\/travel\/wp-content\/uploads\/2022\/03\/Group-44066.jpg\" title=\"\" alt=\"\" loading=\"lazy\" \/>\t\t\t\t\t\t\t\t\t\t\t\t\t\t\t<\/div>\n\t\t\t\t<\/div>\n\t\t\t\t\t<\/div>\n\t\t<\/div>\n\t\t\t\t\t<\/div>\n\t\t<\/section>\n\t\t\t\t<section class=\"elementor-section elementor-top-section elementor-element elementor-element-4d53d02 elementor-section-boxed elementor-section-height-default elementor-section-height-default wpr-particle-no wpr-jarallax-no wpr-parallax-no wpr-sticky-section-no\" data-id=\"4d53d02\" data-element_type=\"section\" data-e-type=\"section\">\n\t\t\t\t\t\t<div class=\"elementor-container elementor-column-gap-default\">\n\t\t\t\t\t<div class=\"elementor-column elementor-col-100 elementor-top-column elementor-element elementor-element-e39dccf\" data-id=\"e39dccf\" data-element_type=\"column\" data-e-type=\"column\">\n\t\t\t<div class=\"elementor-widget-wrap elementor-element-populated\">\n\t\t\t\t\t\t<div class=\"elementor-element elementor-element-d7d3398 elementor-drop-cap-yes elementor-drop-cap-view-default elementor-widget elementor-widget-text-editor\" data-id=\"d7d3398\" data-element_type=\"widget\" data-e-type=\"widget\" data-settings=\"{&quot;drop_cap&quot;:&quot;yes&quot;}\" data-widget_type=\"text-editor.default\">\n\t\t\t\t<div class=\"elementor-widget-container\">\n\t\t\t\t\t\t\t\t\t<p>Ich bin ein leidenschaftlicher K\u00fcnstler und ein begeisterter Sammler von Gem\u00e4lden. Meine Hauptbereiche sind Malerei und digitale Kunst. Im Laufe der Jahre haben meine Werke Anerkennung gefunden und werden nun in zahlreichen Hotels in ganz Deutschland ausgestellt.<\/p><p>Meine k\u00fcnstlerische Reise ist tief in meiner Liebe zu sowohl traditionellen als auch digitalen Medien verwurzelt. Ich erkunde st\u00e4ndig neue Techniken und Stile und strebe stets danach, die Grenzen der Kreativit\u00e4t zu erweitern. Neben meinen Gem\u00e4lden bin ich auch intensiv in der Welt der digitalen Kunst und NFTs t\u00e4tig und begr\u00fc\u00dfe die sich st\u00e4ndig weiterentwickelnde Kunstlandschaft.<\/p><p>Ich freue mich immer darauf, mich mit anderen Kunstbegeisterten, Sammlern und allen, die an meiner Arbeit interessiert sind, auszutauschen. Z\u00f6gern Sie nicht, mich per E-Mail zu kontaktieren \u2013 ich freue mich darauf, von Ihnen zu h\u00f6ren.<\/p>\t\t\t\t\t\t\t\t<\/div>\n\t\t\t\t<\/div>\n\t\t\t\t\t<\/div>\n\t\t<\/div>\n\t\t\t\t\t<\/div>\n\t\t<\/section>\n\t\t\t\t<section class=\"elementor-section elementor-top-section elementor-element elementor-element-29dd0b8 elementor-section-boxed elementor-section-height-default elementor-section-height-default wpr-particle-no wpr-jarallax-no wpr-parallax-no wpr-sticky-section-no\" data-id=\"29dd0b8\" data-element_type=\"section\" data-e-type=\"section\">\n\t\t\t\t\t\t<div class=\"elementor-container elementor-column-gap-default\">\n\t\t\t\t\t<div class=\"elementor-column elementor-col-100 elementor-top-column elementor-element elementor-element-1921100\" data-id=\"1921100\" data-element_type=\"column\" data-e-type=\"column\">\n\t\t\t<div class=\"elementor-widget-wrap elementor-element-populated\">\n\t\t\t\t\t\t<div class=\"elementor-element elementor-element-7e4234e elementor-widget elementor-widget-image\" data-id=\"7e4234e\" data-element_type=\"widget\" data-e-type=\"widget\" data-widget_type=\"image.default\">\n\t\t\t\t<div class=\"elementor-widget-container\">\n\t\t\t\t\t\t\t\t\t\t\t\t\t\t\t<img fetchpriority=\"high\" decoding=\"async\" width=\"960\" height=\"720\" src=\"https:\/\/bellis-perennis.eu\/wp-content\/uploads\/2024\/06\/IMG_4749-1024x768.jpg\" class=\"attachment-large size-large wp-image-2857\" alt=\"\" srcset=\"https:\/\/bellis-perennis.eu\/wp-content\/uploads\/2024\/06\/IMG_4749-1024x768.jpg 1024w, https:\/\/bellis-perennis.eu\/wp-content\/uploads\/2024\/06\/IMG_4749-300x225.jpg 300w, https:\/\/bellis-perennis.eu\/wp-content\/uploads\/2024\/06\/IMG_4749-768x576.jpg 768w, https:\/\/bellis-perennis.eu\/wp-content\/uploads\/2024\/06\/IMG_4749-1536x1152.jpg 1536w, https:\/\/bellis-perennis.eu\/wp-content\/uploads\/2024\/06\/IMG_4749-2048x1536.jpg 2048w\" sizes=\"(max-width: 960px) 100vw, 960px\" \/>\t\t\t\t\t\t\t\t\t\t\t\t\t\t\t<\/div>\n\t\t\t\t<\/div>\n\t\t\t\t\t<\/div>\n\t\t<\/div>\n\t\t\t\t\t<\/div>\n\t\t<\/section>\n\t\t\t\t<section class=\"elementor-section elementor-top-section elementor-element elementor-element-615943d elementor-section-boxed elementor-section-height-default elementor-section-height-default wpr-particle-no wpr-jarallax-no wpr-parallax-no wpr-sticky-section-no\" data-id=\"615943d\" data-element_type=\"section\" data-e-type=\"section\">\n\t\t\t\t\t\t<div class=\"elementor-container elementor-column-gap-default\">\n\t\t\t\t\t<div class=\"elementor-column elementor-col-100 elementor-top-column elementor-element elementor-element-e788fda\" data-id=\"e788fda\" data-element_type=\"column\" data-e-type=\"column\">\n\t\t\t<div class=\"elementor-widget-wrap elementor-element-populated\">\n\t\t\t\t\t\t<div class=\"elementor-element elementor-element-49a53b8 elementor-align-center elementor-widget elementor-widget-button\" data-id=\"49a53b8\" data-element_type=\"widget\" data-e-type=\"widget\" data-widget_type=\"button.default\">\n\t\t\t\t<div class=\"elementor-widget-container\">\n\t\t\t\t\t\t\t\t\t<div class=\"elementor-button-wrapper\">\n\t\t\t\t\t<a class=\"elementor-button elementor-button-link elementor-size-sm\" href=\"https:\/\/bellis-perennis.eu\/?page_id=2673\">\n\t\t\t\t\t\t<span class=\"elementor-button-content-wrapper\">\n\t\t\t\t\t\t\t\t\t<span class=\"elementor-button-text\">Contact<\/span>\n\t\t\t\t\t<\/span>\n\t\t\t\t\t<\/a>\n\t\t\t\t<\/div>\n\t\t\t\t\t\t\t\t<\/div>\n\t\t\t\t<\/div>\n\t\t\t\t\t<\/div>\n\t\t<\/div>\n\t\t\t\t\t<\/div>\n\t\t<\/section>\n\t\t\t\t<section class=\"elementor-section elementor-top-section elementor-element elementor-element-819ea5a elementor-section-boxed elementor-section-height-default elementor-section-height-default wpr-particle-no wpr-jarallax-no wpr-parallax-no wpr-sticky-section-no\" data-id=\"819ea5a\" data-element_type=\"section\" data-e-type=\"section\">\n\t\t\t\t\t\t<div class=\"elementor-container elementor-column-gap-default\">\n\t\t\t\t\t<div class=\"elementor-column elementor-col-100 elementor-top-column elementor-element elementor-element-dafdee1\" data-id=\"dafdee1\" data-element_type=\"column\" data-e-type=\"column\">\n\t\t\t<div class=\"elementor-widget-wrap elementor-element-populated\">\n\t\t\t\t\t\t<div class=\"elementor-element elementor-element-b31d7f1 elementor-widget elementor-widget-text-editor\" data-id=\"b31d7f1\" data-element_type=\"widget\" data-e-type=\"widget\" data-widget_type=\"text-editor.default\">\n\t\t\t\t<div class=\"elementor-widget-container\">\n\t\t\t\t\t\t\t\t\t<p>I am a passionate artist and an avid collector of paintings. My primary fields of expertise are painting and digital arts. Over the years, my works have gained recognition and are now showcased in numerous hotels across Germany.<\/p><p>My artistic journey is deeply rooted in my love for both traditional and digital mediums. I constantly explore new techniques and styles, always aiming to push the boundaries of creativity. In addition to my paintings, I am also deeply involved in the world of digital art and NFTs, embracing the evolving landscape of the art world.<\/p><p>I am always excited to connect with fellow art enthusiasts, collectors, and anyone interested in my work. Feel free to reach out via email \u2013 I look forward to hearing from you.<\/p>\t\t\t\t\t\t\t\t<\/div>\n\t\t\t\t<\/div>\n\t\t\t\t<div class=\"elementor-element elementor-element-17c76c4 elementor-widget-divider--view-line elementor-widget elementor-widget-divider\" data-id=\"17c76c4\" data-element_type=\"widget\" data-e-type=\"widget\" data-widget_type=\"divider.default\">\n\t\t\t\t<div class=\"elementor-widget-container\">\n\t\t\t\t\t\t\t<div class=\"elementor-divider\">\n\t\t\t<span class=\"elementor-divider-separator\">\n\t\t\t\t\t\t<\/span>\n\t\t<\/div>\n\t\t\t\t\t\t<\/div>\n\t\t\t\t<\/div>\n\t\t\t\t\t<\/div>\n\t\t<\/div>\n\t\t\t\t\t<\/div>\n\t\t<\/section>\n\t\t\t\t<\/div>\n\t\t","protected":false},"excerpt":{"rendered":"<p>Ich bin ein leidenschaftlicher K\u00fcnstler und ein begeisterter Sammler von Gem\u00e4lden. Meine Hauptbereiche sind Malerei und digitale Kunst. Im Laufe der Jahre haben meine Werke Anerkennung gefunden und werden nun in zahlreichen Hotels in ganz Deutschland ausgestellt. Meine k\u00fcnstlerische Reise ist tief in meiner Liebe zu sowohl traditionellen als auch digitalen Medien verwurzelt. Ich erkunde st\u00e4ndig neue Techniken und Stile und strebe stets danach, die Grenzen der Kreativit\u00e4t zu erweitern. Neben meinen Gem\u00e4lden bin ich auch intensiv in der Welt der digitalen Kunst und NFTs t\u00e4tig und begr\u00fc\u00dfe die sich st\u00e4ndig weiterentwickelnde Kunstlandschaft. Ich freue mich immer darauf, mich mit anderen Kunstbegeisterten, Sammlern und allen, die an meiner Arbeit interessiert sind, auszutauschen. Z\u00f6gern Sie nicht, mich per E-Mail zu kontaktieren \u2013 ich freue mich darauf, von Ihnen zu h\u00f6ren. Contact I am a passionate artist and an avid collector of paintings. My primary fields of expertise are painting and digital arts. Over the years, my works have gained recognition and are now showcased in numerous hotels across Germany. My artistic journey is deeply rooted in my love for both traditional and digital mediums. I constantly explore new techniques and styles, always aiming to push the boundaries of creativity. In addition to my paintings, I am also deeply involved in the world of digital art and NFTs, embracing the evolving landscape of the art world. I am always excited to connect with fellow art enthusiasts, collectors, and anyone interested in my work. Feel free to reach out via email \u2013 I look forward to hearing from you.<\/p>\n","protected":false},"author":1,"featured_media":0,"parent":0,"menu_order":0,"comment_status":"closed","ping_status":"closed","template":"elementor_canvas","meta":{"iawp_total_views":271,"footnotes":""},"class_list":["post-2672","page","type-page","status-publish","hentry"],"yoast_head":"<!-- This site is optimized with the Yoast SEO plugin v26.4 - https:\/\/yoast.com\/wordpress\/plugins\/seo\/ -->\n<title>About Me - Bellis Perennis<\/title>\n<meta name=\"robots\" content=\"index, follow, max-snippet:-1, max-image-preview:large, max-video-preview:-1\" \/>\n<link rel=\"canonical\" href=\"https:\/\/bellis-perennis.eu\/?page_id=2672\" \/>\n<meta property=\"og:locale\" content=\"de_DE\" \/>\n<meta property=\"og:type\" content=\"article\" \/>\n<meta property=\"og:title\" content=\"About Me - Bellis Perennis\" \/>\n<meta property=\"og:description\" content=\"Ich bin ein leidenschaftlicher K\u00fcnstler und ein begeisterter Sammler von Gem\u00e4lden. Meine Hauptbereiche sind Malerei und digitale Kunst. Im Laufe der Jahre haben meine Werke Anerkennung gefunden und werden nun in zahlreichen Hotels in ganz Deutschland ausgestellt. Meine k\u00fcnstlerische Reise ist tief in meiner Liebe zu sowohl traditionellen als auch digitalen Medien verwurzelt. Ich erkunde st\u00e4ndig neue Techniken und Stile und strebe stets danach, die Grenzen der Kreativit\u00e4t zu erweitern. Neben meinen Gem\u00e4lden bin ich auch intensiv in der Welt der digitalen Kunst und NFTs t\u00e4tig und begr\u00fc\u00dfe die sich st\u00e4ndig weiterentwickelnde Kunstlandschaft. Ich freue mich immer darauf, mich mit anderen Kunstbegeisterten, Sammlern und allen, die an meiner Arbeit interessiert sind, auszutauschen. Z\u00f6gern Sie nicht, mich per E-Mail zu kontaktieren \u2013 ich freue mich darauf, von Ihnen zu h\u00f6ren. Contact I am a passionate artist and an avid collector of paintings. My primary fields of expertise are painting and digital arts. Over the years, my works have gained recognition and are now showcased in numerous hotels across Germany. My artistic journey is deeply rooted in my love for both traditional and digital mediums. I constantly explore new techniques and styles, always aiming to push the boundaries of creativity. In addition to my paintings, I am also deeply involved in the world of digital art and NFTs, embracing the evolving landscape of the art world. I am always excited to connect with fellow art enthusiasts, collectors, and anyone interested in my work. Feel free to reach out via email \u2013 I look forward to hearing from you.\" \/>\n<meta property=\"og:url\" content=\"https:\/\/bellis-perennis.eu\/?page_id=2672\" \/>\n<meta property=\"og:site_name\" content=\"Bellis Perennis\" \/>\n<meta property=\"article:modified_time\" content=\"2024-07-13T20:02:46+00:00\" \/>\n<meta property=\"og:image\" content=\"https:\/\/staging-nicktesting.kinsta.cloud\/travel\/wp-content\/uploads\/2022\/03\/Group-44066.jpg\" \/>\n<meta name=\"twitter:card\" content=\"summary_large_image\" \/>\n<meta name=\"twitter:label1\" content=\"Gesch\u00e4tzte Lesezeit\" \/>\n\t<meta name=\"twitter:data1\" content=\"2\u00a0Minuten\" \/>\n<script type=\"application\/ld+json\" class=\"yoast-schema-graph\">{\"@context\":\"https:\/\/schema.org\",\"@graph\":[{\"@type\":\"WebPage\",\"@id\":\"https:\/\/bellis-perennis.eu\/?page_id=2672\",\"url\":\"https:\/\/bellis-perennis.eu\/?page_id=2672\",\"name\":\"About Me - Bellis Perennis\",\"isPartOf\":{\"@id\":\"https:\/\/bellis-perennis.eu\/#website\"},\"primaryImageOfPage\":{\"@id\":\"https:\/\/bellis-perennis.eu\/?page_id=2672#primaryimage\"},\"image\":{\"@id\":\"https:\/\/bellis-perennis.eu\/?page_id=2672#primaryimage\"},\"thumbnailUrl\":\"https:\/\/staging-nicktesting.kinsta.cloud\/travel\/wp-content\/uploads\/2022\/03\/Group-44066.jpg\",\"datePublished\":\"2022-03-23T08:24:20+00:00\",\"dateModified\":\"2024-07-13T20:02:46+00:00\",\"breadcrumb\":{\"@id\":\"https:\/\/bellis-perennis.eu\/?page_id=2672#breadcrumb\"},\"inLanguage\":\"de\",\"potentialAction\":[{\"@type\":\"ReadAction\",\"target\":[\"https:\/\/bellis-perennis.eu\/?page_id=2672\"]}]},{\"@type\":\"ImageObject\",\"inLanguage\":\"de\",\"@id\":\"https:\/\/bellis-perennis.eu\/?page_id=2672#primaryimage\",\"url\":\"https:\/\/staging-nicktesting.kinsta.cloud\/travel\/wp-content\/uploads\/2022\/03\/Group-44066.jpg\",\"contentUrl\":\"https:\/\/staging-nicktesting.kinsta.cloud\/travel\/wp-content\/uploads\/2022\/03\/Group-44066.jpg\"},{\"@type\":\"BreadcrumbList\",\"@id\":\"https:\/\/bellis-perennis.eu\/?page_id=2672#breadcrumb\",\"itemListElement\":[{\"@type\":\"ListItem\",\"position\":1,\"name\":\"Startseite\",\"item\":\"https:\/\/bellis-perennis.eu\/\"},{\"@type\":\"ListItem\",\"position\":2,\"name\":\"About Me\"}]},{\"@type\":\"WebSite\",\"@id\":\"https:\/\/bellis-perennis.eu\/#website\",\"url\":\"https:\/\/bellis-perennis.eu\/\",\"name\":\"Bellis Perennis\",\"description\":\"Kunst in Baden-Baden\",\"publisher\":{\"@id\":\"https:\/\/bellis-perennis.eu\/#organization\"},\"potentialAction\":[{\"@type\":\"SearchAction\",\"target\":{\"@type\":\"EntryPoint\",\"urlTemplate\":\"https:\/\/bellis-perennis.eu\/?s={search_term_string}\"},\"query-input\":{\"@type\":\"PropertyValueSpecification\",\"valueRequired\":true,\"valueName\":\"search_term_string\"}}],\"inLanguage\":\"de\"},{\"@type\":\"Organization\",\"@id\":\"https:\/\/bellis-perennis.eu\/#organization\",\"name\":\"Bellis Perennis\",\"url\":\"https:\/\/bellis-perennis.eu\/\",\"logo\":{\"@type\":\"ImageObject\",\"inLanguage\":\"de\",\"@id\":\"https:\/\/bellis-perennis.eu\/#\/schema\/logo\/image\/\",\"url\":\"https:\/\/bellis-perennis.eu\/wp-content\/uploads\/2023\/09\/cropped-Trump-e1719167585371.jpeg\",\"contentUrl\":\"https:\/\/bellis-perennis.eu\/wp-content\/uploads\/2023\/09\/cropped-Trump-e1719167585371.jpeg\",\"width\":483,\"height\":500,\"caption\":\"Bellis Perennis\"},\"image\":{\"@id\":\"https:\/\/bellis-perennis.eu\/#\/schema\/logo\/image\/\"}}]}<\/script>\n<!-- \/ Yoast SEO plugin. -->","yoast_head_json":{"title":"About Me - Bellis Perennis","robots":{"index":"index","follow":"follow","max-snippet":"max-snippet:-1","max-image-preview":"max-image-preview:large","max-video-preview":"max-video-preview:-1"},"canonical":"https:\/\/bellis-perennis.eu\/?page_id=2672","og_locale":"de_DE","og_type":"article","og_title":"About Me - Bellis Perennis","og_description":"Ich bin ein leidenschaftlicher K\u00fcnstler und ein begeisterter Sammler von Gem\u00e4lden. Meine Hauptbereiche sind Malerei und digitale Kunst. Im Laufe der Jahre haben meine Werke Anerkennung gefunden und werden nun in zahlreichen Hotels in ganz Deutschland ausgestellt. Meine k\u00fcnstlerische Reise ist tief in meiner Liebe zu sowohl traditionellen als auch digitalen Medien verwurzelt. Ich erkunde st\u00e4ndig neue Techniken und Stile und strebe stets danach, die Grenzen der Kreativit\u00e4t zu erweitern. Neben meinen Gem\u00e4lden bin ich auch intensiv in der Welt der digitalen Kunst und NFTs t\u00e4tig und begr\u00fc\u00dfe die sich st\u00e4ndig weiterentwickelnde Kunstlandschaft. Ich freue mich immer darauf, mich mit anderen Kunstbegeisterten, Sammlern und allen, die an meiner Arbeit interessiert sind, auszutauschen. Z\u00f6gern Sie nicht, mich per E-Mail zu kontaktieren \u2013 ich freue mich darauf, von Ihnen zu h\u00f6ren. Contact I am a passionate artist and an avid collector of paintings. My primary fields of expertise are painting and digital arts. Over the years, my works have gained recognition and are now showcased in numerous hotels across Germany. My artistic journey is deeply rooted in my love for both traditional and digital mediums. I constantly explore new techniques and styles, always aiming to push the boundaries of creativity. In addition to my paintings, I am also deeply involved in the world of digital art and NFTs, embracing the evolving landscape of the art world. I am always excited to connect with fellow art enthusiasts, collectors, and anyone interested in my work. Feel free to reach out via email \u2013 I look forward to hearing from you.","og_url":"https:\/\/bellis-perennis.eu\/?page_id=2672","og_site_name":"Bellis Perennis","article_modified_time":"2024-07-13T20:02:46+00:00","og_image":[{"url":"https:\/\/staging-nicktesting.kinsta.cloud\/travel\/wp-content\/uploads\/2022\/03\/Group-44066.jpg","type":"","width":"","height":""}],"twitter_card":"summary_large_image","twitter_misc":{"Gesch\u00e4tzte Lesezeit":"2\u00a0Minuten"},"schema":{"@context":"https:\/\/schema.org","@graph":[{"@type":"WebPage","@id":"https:\/\/bellis-perennis.eu\/?page_id=2672","url":"https:\/\/bellis-perennis.eu\/?page_id=2672","name":"About Me - Bellis Perennis","isPartOf":{"@id":"https:\/\/bellis-perennis.eu\/#website"},"primaryImageOfPage":{"@id":"https:\/\/bellis-perennis.eu\/?page_id=2672#primaryimage"},"image":{"@id":"https:\/\/bellis-perennis.eu\/?page_id=2672#primaryimage"},"thumbnailUrl":"https:\/\/staging-nicktesting.kinsta.cloud\/travel\/wp-content\/uploads\/2022\/03\/Group-44066.jpg","datePublished":"2022-03-23T08:24:20+00:00","dateModified":"2024-07-13T20:02:46+00:00","breadcrumb":{"@id":"https:\/\/bellis-perennis.eu\/?page_id=2672#breadcrumb"},"inLanguage":"de","potentialAction":[{"@type":"ReadAction","target":["https:\/\/bellis-perennis.eu\/?page_id=2672"]}]},{"@type":"ImageObject","inLanguage":"de","@id":"https:\/\/bellis-perennis.eu\/?page_id=2672#primaryimage","url":"https:\/\/staging-nicktesting.kinsta.cloud\/travel\/wp-content\/uploads\/2022\/03\/Group-44066.jpg","contentUrl":"https:\/\/staging-nicktesting.kinsta.cloud\/travel\/wp-content\/uploads\/2022\/03\/Group-44066.jpg"},{"@type":"BreadcrumbList","@id":"https:\/\/bellis-perennis.eu\/?page_id=2672#breadcrumb","itemListElement":[{"@type":"ListItem","position":1,"name":"Startseite","item":"https:\/\/bellis-perennis.eu\/"},{"@type":"ListItem","position":2,"name":"About Me"}]},{"@type":"WebSite","@id":"https:\/\/bellis-perennis.eu\/#website","url":"https:\/\/bellis-perennis.eu\/","name":"Bellis Perennis","description":"Kunst in Baden-Baden","publisher":{"@id":"https:\/\/bellis-perennis.eu\/#organization"},"potentialAction":[{"@type":"SearchAction","target":{"@type":"EntryPoint","urlTemplate":"https:\/\/bellis-perennis.eu\/?s={search_term_string}"},"query-input":{"@type":"PropertyValueSpecification","valueRequired":true,"valueName":"search_term_string"}}],"inLanguage":"de"},{"@type":"Organization","@id":"https:\/\/bellis-perennis.eu\/#organization","name":"Bellis Perennis","url":"https:\/\/bellis-perennis.eu\/","logo":{"@type":"ImageObject","inLanguage":"de","@id":"https:\/\/bellis-perennis.eu\/#\/schema\/logo\/image\/","url":"https:\/\/bellis-perennis.eu\/wp-content\/uploads\/2023\/09\/cropped-Trump-e1719167585371.jpeg","contentUrl":"https:\/\/bellis-perennis.eu\/wp-content\/uploads\/2023\/09\/cropped-Trump-e1719167585371.jpeg","width":483,"height":500,"caption":"Bellis Perennis"},"image":{"@id":"https:\/\/bellis-perennis.eu\/#\/schema\/logo\/image\/"}}]}},"_links":{"self":[{"href":"https:\/\/bellis-perennis.eu\/index.php?rest_route=\/wp\/v2\/pages\/2672","targetHints":{"allow":["GET"]}}],"collection":[{"href":"https:\/\/bellis-perennis.eu\/index.php?rest_route=\/wp\/v2\/pages"}],"about":[{"href":"https:\/\/bellis-perennis.eu\/index.php?rest_route=\/wp\/v2\/types\/page"}],"author":[{"embeddable":true,"href":"https:\/\/bellis-perennis.eu\/index.php?rest_route=\/wp\/v2\/users\/1"}],"replies":[{"embeddable":true,"href":"https:\/\/bellis-perennis.eu\/index.php?rest_route=%2Fwp%2Fv2%2Fcomments&post=2672"}],"version-history":[{"count":18,"href":"https:\/\/bellis-perennis.eu\/index.php?rest_route=\/wp\/v2\/pages\/2672\/revisions"}],"predecessor-version":[{"id":3162,"href":"https:\/\/bellis-perennis.eu\/index.php?rest_route=\/wp\/v2\/pages\/2672\/revisions\/3162"}],"wp:attachment":[{"href":"https:\/\/bellis-perennis.eu\/index.php?rest_route=%2Fwp%2Fv2%2Fmedia&parent=2672"}],"curies":[{"name":"wp","href":"https:\/\/api.w.org\/{rel}","templated":true}]}}